{"id":2954,"date":"2022-12-20T10:39:30","date_gmt":"2022-12-20T09:39:30","guid":{"rendered":"https:\/\/www.fourchette.com\/over-fourchette\/"},"modified":"2023-04-18T16:37:11","modified_gmt":"2023-04-18T14:37:11","slug":"a-propos-de-fourchette","status":"publish","type":"page","link":"https:\/\/www.fourchette.com\/fr\/a-propos-de-fourchette\/","title":{"rendered":"La bi\u00e8re"},"content":{"rendered":"<div class=\"wpb-content-wrapper\">[vc_row content_placement=\u00a0\u00bbmiddle\u00a0\u00bb equal_height=\u00a0\u00bbyes\u00a0\u00bb][vc_column width=\u00a0\u00bb1\/2&Prime;]<style>.vcex-image-grid.vcex_69f2a9a0dfae7{--wpex-row-gap:0px;}<\/style><div class=\"vcex-image-grid-wrap\"><div class=\"vcex-module vcex-image-grid grid-style-no-margins wpex-row wpex-clr vcex-isotope-grid no-transition wpex-overflow-hidden vcex-no-margin-grid vcex_69f2a9a0dfae7\" data-transition-duration=\"0.0\"><div class=\"id-2798 vcex-image-grid-entry vcex-grid-item vcex-isotope-entry wpex-text-center vcex-no-margin-entry span_1_of_2 nr-col col-1\"><figure class=\"vcex-image-grid-entry-figure wpex-last-mb-0 wpex-clr\"><div class=\"vcex-image-grid-entry-img entry-media wpex-relative wpex-mb-20\"><img data-no-lazy=\"1\" class=\"wpex-align-middle skip-lazy\" alt=\"Ingredi\u00ebnten van Fourchette Bier\" src=\"https:\/\/www.fourchette.com\/wp-content\/uploads\/sites\/2\/2022\/12\/Fourchette-quality_Jef-Versele_01-400x800.png\" width=\"400\" height=\"800\"><\/div><\/figure><\/div><div class=\"id-2552 vcex-image-grid-entry vcex-grid-item vcex-isotope-entry wpex-text-center vcex-no-margin-entry span_1_of_2 nr-col col-2\"><figure class=\"vcex-image-grid-entry-figure wpex-last-mb-0 wpex-clr\"><div class=\"vcex-image-grid-entry-img entry-media wpex-relative wpex-mb-20\"><img data-no-lazy=\"1\" class=\"wpex-align-middle skip-lazy\" src=\"https:\/\/www.fourchette.com\/wp-content\/uploads\/sites\/2\/2022\/12\/20210421-Fourchette-beer-\u00a9-Chantal-Arnts-49-rotated-400x800.jpg\" alt=\"\" width=\"400\" height=\"800\"><\/div><\/figure><\/div><\/div><\/div>[\/vc_column][vc_column width=\u00a0\u00bb1\/2&Prime;]<style>.vcex-heading.vcex_69f2a9a0e44e7{width:80%;}<\/style><h1 class=\"vcex-heading vcex-heading-plain vcex-module wpex-heading wpex-text-2xl wpex-h1 wpex-max-w-100 wpex-mr-auto golden vcex_69f2a9a0e44e7\"><span class=\"vcex-heading-inner wpex-inline-block\">Des ingr\u00e9dients en parfaite harmonie<\/span><\/h1><div class=\"vcex-spacing wpex-w-100 wpex-clear\"><\/div>[vc_column_text width=\u00a0\u00bb80%\u00a0\u00bb align=\u00a0\u00bbleft\u00a0\u00bb]Fourchette est n\u00e9e de la rencontre de deux passions\u00a0: le go\u00fbt raffin\u00e9 de grands chefs et le savoir de <strong>six g\u00e9n\u00e9rations de ma\u00eetres brasseurs<\/strong>. Notre triple multi-c\u00e9r\u00e9ales est une bi\u00e8re vivante, fabriqu\u00e9e \u00e0 partir des meilleures mati\u00e8res premi\u00e8res\u00a0: malt, bl\u00e9, houblon, mo\u00fbt, &#8230; Gr\u00e2ce au processus de fermentation haute et de refermentation en bouteille, nous cr\u00e9ons un \u00e9quilibre velout\u00e9 entre <strong>l\u00e9g\u00e8re amertume et agr\u00e9able fra\u00eecheur<\/strong>.[\/vc_column_text]<div class=\"vcex-spacing wpex-w-100 wpex-clear\"><\/div><a href=\"https:\/\/www.fourchette.com\/fr\/la-loi-de-fourchette\/\" class=\"vcex-button theme-button inline\"><span class=\"vcex-button-inner theme-button-inner wpex-flex wpex-flex-wrap wpex-items-center wpex-justify-center\">La loi de Fourchette <\/span><\/a> [\/vc_column][\/vc_row][vc_row content_placement=\u00a0\u00bbmiddle\u00a0\u00bb equal_height=\u00a0\u00bbyes\u00a0\u00bb][vc_column width=\u00a0\u00bb1\/2&Prime;]<style>.vcex-heading.vcex_69f2a9a0e6fe7{width:80%;}<\/style><h1 class=\"vcex-heading vcex-heading-plain vcex-module wpex-heading wpex-text-2xl wpex-h1 wpex-max-w-100 wpex-mr-auto golden vcex_69f2a9a0e6fe7\"><span class=\"vcex-heading-inner wpex-inline-block\">Le processus de brassage<\/span><\/h1><div class=\"vcex-spacing wpex-w-100 wpex-clear\"><\/div>[vc_column_text width=\u00a0\u00bb80%\u00a0\u00bb align=\u00a0\u00bbleft\u00a0\u00bb]Qu&rsquo;est-ce qu&rsquo;une \u2018bi\u00e8re vivante\u2019\u00a0? Lorsque nous mettons Fourchette en bouteille, nous ajoutons de la levure fra\u00eeche et du sucre. La bi\u00e8re peut ainsi <strong>refermenter <\/strong>dans la bouteille, de sorte que le go\u00fbt continue \u00e0 \u00e9voluer et que davantage d&rsquo;ar\u00f4mes sont lib\u00e9r\u00e9s.<\/p>\n<p>Pour brasser Fourchette, nous utilisons <strong>notre propre culture de levure<\/strong>. Nous ma\u00eetrisons \u00e0 la perfection l&rsquo;art de la <strong>fermentation haute<\/strong>, en transformant le sucre en alcool et en gaz carbonique. Ensuite, c&rsquo;est le moment de la <strong>garde naturelle\u00a0<\/strong>: nous laissons la bi\u00e8re refroidir \u00e0 une temp\u00e9rature de 0 degr\u00e9, ce qui d\u00e9compose la levure principale. La <strong>refermentation en bouteille ou en f\u00fbt<\/strong>, enfin, assure une \u00e9volution gustative durable.[\/vc_column_text]<div class=\"vcex-spacing wpex-w-100 wpex-clear\"><\/div><a href=\"https:\/\/www.fourchette.com\/fr\/shop\/\" class=\"vcex-button theme-button inline\"><span class=\"vcex-button-inner theme-button-inner wpex-flex wpex-flex-wrap wpex-items-center wpex-justify-center\">D\u00e9couvrez notre boutique<\/span><\/a> [\/vc_column][vc_column width=\u00a0\u00bb1\/2&Prime;]<style>.vcex-image-grid.vcex_69f2a9a0e85ed{--wpex-row-gap:0px;}<\/style><div class=\"vcex-image-grid-wrap\"><div class=\"vcex-module vcex-image-grid grid-style-no-margins wpex-row wpex-clr vcex-isotope-grid no-transition wpex-overflow-hidden vcex-no-margin-grid vcex_69f2a9a0e85ed\" data-transition-duration=\"0.0\"><div class=\"id-2760 vcex-image-grid-entry vcex-grid-item vcex-isotope-entry wpex-text-right vcex-no-margin-entry span_1_of_1 nr-col col-1\"><figure class=\"vcex-image-grid-entry-figure wpex-last-mb-0 wpex-clr\"><div class=\"vcex-image-grid-entry-img entry-media wpex-relative wpex-mb-20\"><img data-no-lazy=\"1\" class=\"wpex-align-middle skip-lazy\" alt=\"Fourchette - Brouwerij Van Steenberge - lagertank\" src=\"https:\/\/www.fourchette.com\/wp-content\/uploads\/sites\/2\/2022\/12\/Fourchette-brouwerij-Lagertank_Jef-Versele_02-600x600.png\" srcset=\"https:\/\/www.fourchette.com\/wp-content\/uploads\/sites\/2\/2022\/12\/Fourchette-brouwerij-Lagertank_Jef-Versele_02-600x600.png 600w, https:\/\/www.fourchette.com\/wp-content\/uploads\/sites\/2\/2022\/12\/Fourchette-brouwerij-Lagertank_Jef-Versele_02-150x150.png 150w, https:\/\/www.fourchette.com\/wp-content\/uploads\/sites\/2\/2022\/12\/Fourchette-brouwerij-Lagertank_Jef-Versele_02-300x300.png 300w, https:\/\/www.fourchette.com\/wp-content\/uploads\/sites\/2\/2022\/12\/Fourchette-brouwerij-Lagertank_Jef-Versele_02-100x100.png 100w\" width=\"600\" height=\"600\"><\/div><\/figure><\/div><\/div><\/div>[\/vc_column][\/vc_row][vc_row content_placement=\u00a0\u00bbmiddle\u00a0\u00bb equal_height=\u00a0\u00bbyes\u00a0\u00bb][vc_column width=\u00a0\u00bb1\/2&Prime;]<style>.vcex-image-grid.vcex_69f2a9a0ea251{--wpex-row-gap:0px;}<\/style><div class=\"vcex-image-grid-wrap\"><div class=\"vcex-module vcex-image-grid grid-style-no-margins wpex-row wpex-clr vcex-isotope-grid no-transition wpex-overflow-hidden vcex-no-margin-grid vcex_69f2a9a0ea251\" data-transition-duration=\"0.0\"><div class=\"id-2506 vcex-image-grid-entry vcex-grid-item vcex-isotope-entry wpex-text-left vcex-no-margin-entry span_1_of_1 nr-col col-1\"><figure class=\"vcex-image-grid-entry-figure wpex-last-mb-0 wpex-clr\"><div class=\"vcex-image-grid-entry-img entry-media wpex-relative wpex-mb-20\"><img data-no-lazy=\"1\" class=\"wpex-align-middle skip-lazy\" src=\"https:\/\/www.fourchette.com\/wp-content\/uploads\/sites\/2\/2022\/10\/20210421_-_Fourchette_beer_-_Chantal_Arnts_242_f3da0f29-a86b-4583-80e9-f11acfac6e67_1200x1200-600x600.webp\" alt=\"\" srcset=\"https:\/\/www.fourchette.com\/wp-content\/uploads\/sites\/2\/2022\/10\/20210421_-_Fourchette_beer_-_Chantal_Arnts_242_f3da0f29-a86b-4583-80e9-f11acfac6e67_1200x1200-600x600.webp 600w, https:\/\/www.fourchette.com\/wp-content\/uploads\/sites\/2\/2022\/10\/20210421_-_Fourchette_beer_-_Chantal_Arnts_242_f3da0f29-a86b-4583-80e9-f11acfac6e67_1200x1200-150x150.webp 150w, https:\/\/www.fourchette.com\/wp-content\/uploads\/sites\/2\/2022\/10\/20210421_-_Fourchette_beer_-_Chantal_Arnts_242_f3da0f29-a86b-4583-80e9-f11acfac6e67_1200x1200-300x300.webp 300w, https:\/\/www.fourchette.com\/wp-content\/uploads\/sites\/2\/2022\/10\/20210421_-_Fourchette_beer_-_Chantal_Arnts_242_f3da0f29-a86b-4583-80e9-f11acfac6e67_1200x1200-100x100.webp 100w\" width=\"600\" height=\"600\"><\/div><\/figure><\/div><\/div><\/div>[\/vc_column][vc_column width=\u00a0\u00bb1\/2&Prime;]<style>.vcex-heading.vcex_69f2a9a0ec31c{width:80%;}<\/style><h1 class=\"vcex-heading vcex-heading-plain vcex-module wpex-heading wpex-text-2xl wpex-h1 wpex-max-w-100 wpex-mr-auto golden vcex_69f2a9a0ec31c\"><span class=\"vcex-heading-inner wpex-inline-block\">Go\u00fbt &amp; Food pairing<\/span><\/h1><div class=\"vcex-spacing wpex-w-100 wpex-clear\"><\/div>[vc_column_text width=\u00a0\u00bb80%\u00a0\u00bb align=\u00a0\u00bbleft\u00a0\u00bb]Fourchette est d\u00e9licieuse avec toutes sortes de plats. Nous ne sommes pas les seuls \u00e0 l\u2019affirmer, car cela a \u00e9t\u00e9 confirm\u00e9 par des scientifiques qui ont \u00e9tudi\u00e9 la bi\u00e8re en vue du \u2018food pairing\u2019. Les grands chefs peuvent maintenant utiliser cette analyse scientifique des ar\u00f4mes pour cr\u00e9er des plats innovants.<\/p>\n<p>Et que dit cette analyse\u00a0? Dans Fourchette, on go\u00fbte des <strong>notes fruit\u00e9es <\/strong>(p\u00eache, fruits tropicaux, ananas et pomme cuite), mais aussi des <strong>influences florales <\/strong>(pointe de miel). Les gourmets reconna\u00eetront \u00e9galement une pinc\u00e9e d&rsquo;agrumes, de pamplemousse, de coriandre et de clous de girofle. Une v\u00e9ritable richesse gustative\u00a0!<\/p>\n<p>Fourchette et gastronomie d\u2019exception, l\u2019accord parfait par excellence\u00a0![\/vc_column_text]<div class=\"vcex-spacing wpex-w-100 wpex-clear\"><\/div><a href=\"https:\/\/www.fourchette.com\/fr\/recettes\/\" class=\"vcex-button theme-button inline\"><span class=\"vcex-button-inner theme-button-inner wpex-flex wpex-flex-wrap wpex-items-center wpex-justify-center\">D\u00e9couvrez les recettes Fourchette <\/span><\/a> [\/vc_column][\/vc_row][vc_row][vc_column width=\u00a0\u00bb1\/2&Prime;]<div class=\"vcex-image-grid-wrap\"><div class=\"vcex-module vcex-image-grid grid-style-no-margins wpex-row wpex-clr vcex-isotope-grid no-transition wpex-overflow-hidden vcex-no-margin-grid wpex-lightbox-group\" data-transition-duration=\"0.0\"><div class=\"id-2626 vcex-image-grid-entry vcex-grid-item vcex-isotope-entry wpex-text-left vcex-no-margin-entry span_1_of_1 nr-col col-1\"><figure class=\"vcex-image-grid-entry-figure wpex-last-mb-0 wpex-clr\"><div class=\"vcex-image-grid-entry-img entry-media wpex-relative wpex-mb-20\"><a href=\"https:\/\/www.fourchette.com\/wp-content\/uploads\/sites\/2\/2022\/12\/FOURCHETTE_BOTTLE_33cl_STILL_HR_04-scaled.jpg\" class=\"vcex-image-grid-entry-link wpex-lightbox-group-item\" data-title=\"Fourchette - packshot - 33cl\"><img data-no-lazy=\"1\" class=\"wpex-align-middle skip-lazy\" alt=\"Fourchette - packshot - 33cl\" src=\"https:\/\/www.fourchette.com\/wp-content\/uploads\/sites\/2\/2022\/12\/FOURCHETTE_BOTTLE_33cl_STILL_HR_04-scaled-600x600.jpg\" srcset=\"https:\/\/www.fourchette.com\/wp-content\/uploads\/sites\/2\/2022\/12\/FOURCHETTE_BOTTLE_33cl_STILL_HR_04-scaled-600x600.jpg 600w, https:\/\/www.fourchette.com\/wp-content\/uploads\/sites\/2\/2022\/12\/FOURCHETTE_BOTTLE_33cl_STILL_HR_04-scaled-150x150.jpg 150w, https:\/\/www.fourchette.com\/wp-content\/uploads\/sites\/2\/2022\/12\/FOURCHETTE_BOTTLE_33cl_STILL_HR_04-300x300.jpg 300w, https:\/\/www.fourchette.com\/wp-content\/uploads\/sites\/2\/2022\/12\/FOURCHETTE_BOTTLE_33cl_STILL_HR_04-100x100.jpg 100w\" width=\"600\" height=\"600\"><\/a><\/div><\/figure><\/div><\/div><\/div>[\/vc_column][vc_column width=\u00a0\u00bb1\/2&Prime;]<h3 class=\"vcex-heading vcex-heading-plain vcex-module wpex-heading wpex-text-2xl wpex-h3\"><span class=\"vcex-heading-inner wpex-inline-block\">SP\u00c9CIFICATIONS<\/span><\/h3><div class=\"vcex-spacing wpex-w-100 wpex-clear\"><\/div>[vc_column_text]\n<table>\n<tbody>\n<tr>\n<th>STYLE<\/th>\n<td>Triple multi-c\u00e9r\u00e9ales blonde et pleine.<\/td>\n<\/tr>\n<tr>\n<th>COULEUR<\/th>\n<td>Blond p\u00e2le.<\/td>\n<\/tr>\n<tr>\n<th>AR\u00d4ME<\/th>\n<td>Douce amertume, agr\u00e9ablement rafra\u00eechissante.<\/td>\n<\/tr>\n<tr>\n<th>GO\u00dbT<\/th>\n<td>Agr\u00e9able amertume, notes d&rsquo;agrumes, pamplemousse, coriandre.<\/td>\n<\/tr>\n<tr>\n<th>INGR\u00c9DIENTS<\/th>\n<td>Eau, malt d&rsquo;orge, bl\u00e9, sucre, houblon, levure et riz.<\/td>\n<\/tr>\n<tr>\n<th>EBU<\/th>\n<td>22<\/td>\n<\/tr>\n<tr>\n<th>EBC<\/th>\n<td>7<\/td>\n<\/tr>\n<tr>\n<th>CONDITIONNEMENT<\/th>\n<td>Bouteille 33 cl, 75 cl, 150 cl et f\u00fbt 20 l<\/td>\n<\/tr>\n<tr>\n<th>ABV<\/th>\n<td>Alc. 7,5% vol. &#8211; 16\u00b0 plato<\/td>\n<\/tr>\n<tr>\n<th>CONSERVATION<\/th>\n<td>24 mois (bouteille 33 cl)<\/p>\n<p>36 mois (bouteille 75 cl, 1,5 l, 3 l)<\/p>\n<p>12 mois (f\u00fbt)<\/td>\n<\/tr>\n<\/tbody>\n<\/table>\n[\/vc_column_text][\/vc_column][\/vc_row][vc_row content_placement=\u00a0\u00bbmiddle\u00a0\u00bb equal_height=\u00a0\u00bbyes\u00a0\u00bb][vc_column width=\u00a0\u00bb1\/2&Prime;]<style>.vcex-heading.vcex_69f2a9a0eec98{width:80%;}<\/style><h1 class=\"vcex-heading vcex-heading-plain vcex-module wpex-heading wpex-text-2xl wpex-h1 wpex-max-w-100 wpex-mr-auto golden vcex_69f2a9a0eec98\"><span class=\"vcex-heading-inner wpex-inline-block\">Conseils de service<\/span><\/h1><div class=\"vcex-spacing wpex-w-100 wpex-clear\"><\/div>[vc_column_text width=\u00a0\u00bb80%\u00a0\u00bb align=\u00a0\u00bbleft\u00a0\u00bb]Fourchette est une bi\u00e8re de fermentation haute avec refermentation en bouteille. Fourchette est meilleure lorsqu\u2019elle est servie trouble et avec un <strong>col de<\/strong> <strong>mousse ferme<\/strong>.<\/p>\n<p>Sortez un verre \u00e0 vin fin, suivez nos conseils de service et savourez ce d\u00e9licieux assemblage de bi\u00e8re blanche et de triple.[\/vc_column_text]<div class=\"vcex-spacing wpex-w-100 wpex-clear\"><\/div><a href=\"https:\/\/www.fourchette.com\/fr\/conseils-de-service\/\" class=\"vcex-button theme-button inline\"><span class=\"vcex-button-inner theme-button-inner wpex-flex wpex-flex-wrap wpex-items-center wpex-justify-center\">Comment servir Fourchette <\/span><\/a> [\/vc_column][vc_column width=\u00a0\u00bb1\/2&Prime;]<style>.vcex-image-grid.vcex_69f2a9a0efa94{--wpex-row-gap:0px;}<\/style><div class=\"vcex-image-grid-wrap\"><div class=\"vcex-module vcex-image-grid grid-style-no-margins wpex-row wpex-clr vcex-isotope-grid no-transition wpex-overflow-hidden vcex-no-margin-grid vcex_69f2a9a0efa94\" data-transition-duration=\"0.0\"><div class=\"id-2836 vcex-image-grid-entry vcex-grid-item vcex-isotope-entry wpex-text-right vcex-no-margin-entry span_1_of_1 nr-col col-1\"><figure class=\"vcex-image-grid-entry-figure wpex-last-mb-0 wpex-clr\"><div class=\"vcex-image-grid-entry-img entry-media wpex-relative wpex-mb-20\"><img data-no-lazy=\"1\" class=\"wpex-align-middle skip-lazy\" alt=\"Close-up Fourchette bier schenken\" src=\"https:\/\/www.fourchette.com\/wp-content\/uploads\/sites\/2\/2022\/12\/DEF-2_Mark_The_Moment-full-600x600.jpg\" srcset=\"https:\/\/www.fourchette.com\/wp-content\/uploads\/sites\/2\/2022\/12\/DEF-2_Mark_The_Moment-full-600x600.jpg 600w, https:\/\/www.fourchette.com\/wp-content\/uploads\/sites\/2\/2022\/12\/DEF-2_Mark_The_Moment-full-150x150.jpg 150w, https:\/\/www.fourchette.com\/wp-content\/uploads\/sites\/2\/2022\/12\/DEF-2_Mark_The_Moment-full-300x300.jpg 300w, https:\/\/www.fourchette.com\/wp-content\/uploads\/sites\/2\/2022\/12\/DEF-2_Mark_The_Moment-full-100x100.jpg 100w, https:\/\/www.fourchette.com\/wp-content\/uploads\/sites\/2\/2022\/12\/DEF-2_Mark_The_Moment-full-400x400.jpg 400w\" width=\"600\" height=\"600\"><\/div><\/figure><\/div><\/div><\/div>[\/vc_column][\/vc_row]\n<\/div>","protected":false},"excerpt":{"rendered":"<p>[vc_row content_placement=\u00a0\u00bbmiddle\u00a0\u00bb equal_height=\u00a0\u00bbyes\u00a0\u00bb][vc_column width=\u00a0\u00bb1\/2&Prime;][\/vc_column][vc_column width=\u00a0\u00bb1\/2&Prime;][vc_column_text width=\u00a0\u00bb80%\u00a0\u00bb align=\u00a0\u00bbleft\u00a0\u00bb]Fourchette est n\u00e9e de la rencontre de deux passions\u00a0: le go\u00fbt raffin\u00e9 de grands chefs et le savoir de six g\u00e9n\u00e9rations de ma\u00eetres brasseurs. Notre triple multi-c\u00e9r\u00e9ales est une bi\u00e8re vivante, fabriqu\u00e9e \u00e0 partir des meilleures mati\u00e8res premi\u00e8res\u00a0: malt, bl\u00e9, houblon, mo\u00fbt, &#8230; Gr\u00e2ce au processus de fermentation haute&hellip;<\/p>\n","protected":false},"author":1,"featured_media":0,"parent":0,"menu_order":0,"comment_status":"closed","ping_status":"open","template":"","meta":{"_acf_changed":false,"_analytify_skip_tracking":false,"footnotes":""},"class_list":["post-2954","page","type-page","status-publish","hentry","entry","no-media"],"acf":[],"_links":{"self":[{"href":"https:\/\/www.fourchette.com\/fr\/wp-json\/wp\/v2\/pages\/2954","targetHints":{"allow":["GET"]}}],"collection":[{"href":"https:\/\/www.fourchette.com\/fr\/wp-json\/wp\/v2\/pages"}],"about":[{"href":"https:\/\/www.fourchette.com\/fr\/wp-json\/wp\/v2\/types\/page"}],"author":[{"embeddable":true,"href":"https:\/\/www.fourchette.com\/fr\/wp-json\/wp\/v2\/users\/1"}],"replies":[{"embeddable":true,"href":"https:\/\/www.fourchette.com\/fr\/wp-json\/wp\/v2\/comments?post=2954"}],"version-history":[{"count":4,"href":"https:\/\/www.fourchette.com\/fr\/wp-json\/wp\/v2\/pages\/2954\/revisions"}],"predecessor-version":[{"id":3386,"href":"https:\/\/www.fourchette.com\/fr\/wp-json\/wp\/v2\/pages\/2954\/revisions\/3386"}],"wp:attachment":[{"href":"https:\/\/www.fourchette.com\/fr\/wp-json\/wp\/v2\/media?parent=2954"}],"curies":[{"name":"wp","href":"https:\/\/api.w.org\/{rel}","templated":true}]}}