{"id":2960,"date":"2022-12-12T16:34:31","date_gmt":"2022-12-12T15:34:31","guid":{"rendered":"https:\/\/www.fourchette.com\/schenktips\/"},"modified":"2023-04-18T16:43:22","modified_gmt":"2023-04-18T14:43:22","slug":"conseils-de-service","status":"publish","type":"page","link":"https:\/\/www.fourchette.com\/fr\/conseils-de-service\/","title":{"rendered":"Conseils de service"},"content":{"rendered":"<div class=\"wpb-content-wrapper\">[vc_row full_width=\u00a0\u00bbstretch_row\u00a0\u00bb equal_height=\u00a0\u00bbyes\u00a0\u00bb el_class=\u00a0\u00bbgold-gradient-row\u00a0\u00bb][vc_column width=\u00a0\u00bb1\/2&Prime;]<style>.vcex-heading.vcex_69d27e47c1048{text-transform:uppercase;}<\/style><h1 class=\"vcex-heading vcex-heading-plain vcex-module wpex-heading wpex-text-2xl wpex-h1 vcex_69d27e47c1048\"><span class=\"vcex-heading-inner wpex-inline-block\">Rituel de service Fourchette<\/span><\/h1>[\/vc_column][vc_column width=\u00a0\u00bb1\/2&Prime;][vc_column_text width=\u00a0\u00bb80%\u00a0\u00bb align=\u00a0\u00bbleft\u00a0\u00bb]Fourchette est une bi\u00e8re de fermentation haute avec refermentation en bouteille. Fourchette est meilleure lorsqu\u2019elle est servie trouble et avec un <strong>col de<\/strong> <strong>mousse ferme<\/strong>.<\/p>\n<p>Sortez un verre \u00e0 vin fin, suivez nos conseils de service et savourez ce d\u00e9licieux assemblage de bi\u00e8re blanche et de triple.[\/vc_column_text][\/vc_column][\/vc_row][vc_row][vc_column width=\u00a0\u00bb1\/2&Prime;]<style>.vcex-image-grid.vcex_69d27e47c177a{--wpex-row-gap:0px;}<\/style><div class=\"vcex-image-grid-wrap\"><div class=\"vcex-module vcex-image-grid grid-style-no-margins wpex-row wpex-clr vcex-isotope-grid no-transition wpex-overflow-hidden vcex-no-margin-grid vcex_69d27e47c177a\" data-transition-duration=\"0.0\"><div class=\"id-2750 vcex-image-grid-entry vcex-grid-item vcex-isotope-entry wpex-text-center vcex-no-margin-entry span_1_of_2 nr-col col-1\"><figure class=\"vcex-image-grid-entry-figure wpex-last-mb-0 wpex-clr\"><div class=\"vcex-image-grid-entry-img entry-media wpex-relative wpex-mb-20\"><img data-no-lazy=\"1\" class=\"wpex-align-middle skip-lazy\" alt=\"Fourchette Schenkmethode glas\" src=\"https:\/\/www.fourchette.com\/wp-content\/uploads\/sites\/2\/2022\/12\/Fourchette-Schenkmethode_glas_spoelen-400x800.png\" width=\"400\" height=\"800\"><\/div><\/figure><\/div><div class=\"id-2756 vcex-image-grid-entry vcex-grid-item vcex-isotope-entry wpex-text-center vcex-no-margin-entry span_1_of_2 nr-col col-2\"><figure class=\"vcex-image-grid-entry-figure wpex-last-mb-0 wpex-clr\"><div class=\"vcex-image-grid-entry-img entry-media wpex-relative wpex-mb-20\"><img data-no-lazy=\"1\" class=\"wpex-align-middle skip-lazy\" alt=\"Fourchette_bier_schenken_walsen\" src=\"https:\/\/www.fourchette.com\/wp-content\/uploads\/sites\/2\/2022\/12\/Fourchette-Schenkmethode_walsen-400x800.png\" width=\"400\" height=\"800\"><\/div><\/figure><\/div><\/div><\/div>[\/vc_column][vc_column width=\u00a0\u00bb1\/2&Prime;]<style>.vcex-heading.vcex_69d27e47c2b5d{width:80%;}<\/style><h2 class=\"vcex-heading vcex-heading-plain vcex-module wpex-heading wpex-text-2xl wpex-h2 wpex-max-w-100 wpex-mr-auto golden vcex_69d27e47c2b5d\"><span class=\"vcex-heading-inner wpex-inline-block\">Comment servir Fourchette<\/span><\/h2><div class=\"vcex-spacing wpex-w-100 wpex-clear\"><\/div>[vc_column_text width=\u00a0\u00bb80%\u00a0\u00bb align=\u00a0\u00bbleft\u00a0\u00bb]8 \u00b0C est la temp\u00e9rature id\u00e9ale<br \/>\nNe servez pas votre Fourchette trop froide\u00a0: nous recommandons une temp\u00e9rature de service de 8 degr\u00e9s Celsius.[\/vc_column_text]<div class=\"vcex-spacing wpex-w-100 wpex-clear\"><\/div><style>.vcex-heading.vcex_69d27e47c30cf{width:80%;}<\/style><h2 class=\"vcex-heading vcex-heading-plain vcex-module wpex-heading wpex-text-2xl wpex-h2 wpex-max-w-100 wpex-mr-auto golden vcex_69d27e47c30cf\"><span class=\"vcex-heading-inner wpex-inline-block\">Un verre \u00e0 vin fin<\/span><\/h2><div class=\"vcex-spacing wpex-w-100 wpex-clear\"><\/div>[vc_column_text width=\u00a0\u00bb80%\u00a0\u00bb align=\u00a0\u00bbleft\u00a0\u00bb]C&rsquo;est dans un verre \u00e0 vin fin (ou tout autre verre \u00e0 paroi fine) que toutes les saveurs de Fourchette se r\u00e9v\u00e8lent le mieux. Veillez \u00e0 ce que le verre soit limpide afin qu&rsquo;il n\u2019y ait pas de bulles qui restent coll\u00e9es \u00e0 la paroi et que Fourchette puisse bien mousser.<\/p>\n<p>Rincez \u00e9ventuellement le verre avec un <strong>trait de Fourchette, <\/strong>puis videz-le\u00a0: vous avez ainsi directement les ar\u00f4mes de la bi\u00e8re dans votre verre.[\/vc_column_text][\/vc_column][\/vc_row][vc_row content_placement=\u00a0\u00bbmiddle\u00a0\u00bb equal_height=\u00a0\u00bbyes\u00a0\u00bb][vc_column width=\u00a0\u00bb1\/2&Prime;]<style>.vcex-heading.vcex_69d27e47c3534{width:80%;}<\/style><h2 class=\"vcex-heading vcex-heading-plain vcex-module wpex-heading wpex-text-2xl wpex-h2 wpex-max-w-100 wpex-mr-auto golden vcex_69d27e47c3534\"><span class=\"vcex-heading-inner wpex-inline-block\">Une bi\u00e8re trouble<\/span><\/h2><div class=\"vcex-spacing wpex-w-100 wpex-clear\"><\/div>[vc_column_text width=\u00a0\u00bb80%\u00a0\u00bb align=\u00a0\u00bbleft\u00a0\u00bb]Pour une exp\u00e9rience gustative optimale, versez Fourchette en fin filet depuis une certaine hauteur dans le verre. Ce faisant, veillez \u00e0 former un <strong>col de mousse ferme<\/strong>.<\/p>\n<p>Faites valser la bouteille afin de d\u00e9tacher le d\u00e9p\u00f4t de <strong>levure vivante<\/strong>. N&rsquo;h\u00e9sitez pas \u00e0 verser la levure dans le verre\u00a0: il en r\u00e9sulte une saveur plus riche et plus pleine et une bi\u00e8re de couleur ambr\u00e9e. En d&rsquo;autres termes, exactement comme Fourchette doit \u00eatre\u00a0![\/vc_column_text]<div class=\"vcex-spacing wpex-w-100 wpex-clear\"><\/div><style>.vcex-heading.vcex_69d27e47c3a23{width:80%;}<\/style><h2 class=\"vcex-heading vcex-heading-plain vcex-module wpex-heading wpex-text-2xl wpex-h2 wpex-max-w-100 wpex-mr-auto golden vcex_69d27e47c3a23\"><span class=\"vcex-heading-inner wpex-inline-block\">Une harmonie parfaite<\/span><\/h2><div class=\"vcex-spacing wpex-w-100 wpex-clear\"><\/div>[vc_column_text width=\u00a0\u00bb80%\u00a0\u00bb align=\u00a0\u00bbleft\u00a0\u00bb]Il est temps de boire la bi\u00e8re trouble avec son col de mousse ferme. La bouche est pleine, surprenante et particuli\u00e8rement \u00e9l\u00e9gante. La combinaison du <strong>c\u00f4t\u00e9 \u00e9pic\u00e9 de la triple <\/strong>et du caract\u00e8re <strong>floral de la bi\u00e8re blanche <\/strong>forme une harmonie parfaite.[\/vc_column_text][\/vc_column][vc_column width=\u00a0\u00bb1\/2&Prime;]<style>.vcex-image-grid.vcex_69d27e47c3e52{--wpex-row-gap:0px;}<\/style><div class=\"vcex-image-grid-wrap\"><div class=\"vcex-module vcex-image-grid grid-style-no-margins wpex-row wpex-clr vcex-isotope-grid no-transition wpex-overflow-hidden vcex-no-margin-grid vcex_69d27e47c3e52\" data-transition-duration=\"0.0\"><div class=\"id-2926 vcex-image-grid-entry vcex-grid-item vcex-isotope-entry wpex-text-center vcex-no-margin-entry span_1_of_1 nr-col col-1\"><figure class=\"vcex-image-grid-entry-figure wpex-last-mb-0 wpex-clr\"><div class=\"vcex-image-grid-entry-img entry-media wpex-relative wpex-mb-20\"><img data-no-lazy=\"1\" class=\"wpex-align-middle skip-lazy\" alt=\"Close-up fouchette bier schenken\" src=\"https:\/\/www.fourchette.com\/wp-content\/uploads\/sites\/2\/2023\/03\/Fourchette_Mark_The_Moment_white-400x600.png\" width=\"400\" height=\"600\"><\/div><\/figure><\/div><\/div><\/div>[\/vc_column][\/vc_row]\n<\/div>","protected":false},"excerpt":{"rendered":"<p>[vc_row full_width=\u00a0\u00bbstretch_row\u00a0\u00bb equal_height=\u00a0\u00bbyes\u00a0\u00bb el_class=\u00a0\u00bbgold-gradient-row\u00a0\u00bb][vc_column width=\u00a0\u00bb1\/2&Prime;][\/vc_column][vc_column width=\u00a0\u00bb1\/2&Prime;][vc_column_text width=\u00a0\u00bb80%\u00a0\u00bb align=\u00a0\u00bbleft\u00a0\u00bb]Fourchette est une bi\u00e8re de fermentation haute avec refermentation en bouteille. Fourchette est meilleure lorsqu\u2019elle est servie trouble et avec un col de mousse ferme. Sortez un verre \u00e0 vin fin, suivez nos conseils de service et savourez ce d\u00e9licieux assemblage de bi\u00e8re blanche et de triple.[\/vc_column_text][\/vc_column][\/vc_row][vc_row][vc_column width=\u00a0\u00bb1\/2&Prime;][\/vc_column][vc_column&hellip;<\/p>\n","protected":false},"author":1,"featured_media":0,"parent":0,"menu_order":0,"comment_status":"closed","ping_status":"open","template":"","meta":{"_acf_changed":false,"_analytify_skip_tracking":false,"footnotes":""},"class_list":["post-2960","page","type-page","status-publish","hentry","entry","no-media"],"acf":[],"_links":{"self":[{"href":"https:\/\/www.fourchette.com\/fr\/wp-json\/wp\/v2\/pages\/2960","targetHints":{"allow":["GET"]}}],"collection":[{"href":"https:\/\/www.fourchette.com\/fr\/wp-json\/wp\/v2\/pages"}],"about":[{"href":"https:\/\/www.fourchette.com\/fr\/wp-json\/wp\/v2\/types\/page"}],"author":[{"embeddable":true,"href":"https:\/\/www.fourchette.com\/fr\/wp-json\/wp\/v2\/users\/1"}],"replies":[{"embeddable":true,"href":"https:\/\/www.fourchette.com\/fr\/wp-json\/wp\/v2\/comments?post=2960"}],"version-history":[{"count":1,"href":"https:\/\/www.fourchette.com\/fr\/wp-json\/wp\/v2\/pages\/2960\/revisions"}],"predecessor-version":[{"id":3278,"href":"https:\/\/www.fourchette.com\/fr\/wp-json\/wp\/v2\/pages\/2960\/revisions\/3278"}],"wp:attachment":[{"href":"https:\/\/www.fourchette.com\/fr\/wp-json\/wp\/v2\/media?parent=2960"}],"curies":[{"name":"wp","href":"https:\/\/api.w.org\/{rel}","templated":true}]}}