{"id":2962,"date":"2022-12-08T17:03:22","date_gmt":"2022-12-08T16:03:22","guid":{"rendered":"https:\/\/www.fourchette.com\/mark-the-moment\/"},"modified":"2024-06-27T15:29:08","modified_gmt":"2024-06-27T13:29:08","slug":"mark-the-moment","status":"publish","type":"page","link":"https:\/\/www.fourchette.com\/fr\/mark-the-moment\/","title":{"rendered":"Mark the moment"},"content":{"rendered":"<div class=\"wpb-content-wrapper\">[vc_row][vc_column width=\u00a0\u00bb1\/2&Prime;][vc_column_text]Avec une Fourchette en main, chaque seconde dure aussi longtemps que vous le d\u00e9sirez. Et comme le moment ralentit avec vous, il gagne en signification. Mais vos pens\u00e9es filent \u00e0 la vitesse de l&rsquo;\u00e9clair. Ce n&rsquo;est pas un paradoxe, mais la loi de Fourchette. Envie d\u2019en savoir plus\u00a0? Plongez-vous dans nos blogs.[\/vc_column_text][\/vc_column][vc_column width=\u00a0\u00bb1\/2&Prime;][\/vc_column][\/vc_row][vc_row el_class=\u00a0\u00bbno-padding-top\u00a0\u00bb][vc_column]<div id=\"news-grid\" class=\"wpex-post-cards wpex-post-cards-template_3294 wpex-relative\"  data-vcex-class=\"Wpex_Post_Cards_Shortcode\" data-vcex-atts=\"{&quot;card_style&quot;:&quot;template_3294&quot;,&quot;entry_count&quot;:1,&quot;featured_margin&quot;:&quot;50px&quot;,&quot;running_count&quot;:1,&quot;terms_in&quot;:&quot;40&quot;,&quot;unique_id&quot;:&quot;news-grid&quot;,&quot;nonce&quot;:&quot;50b3ed9fe3&quot;}\" data-vcex-current-page=\"1\" aria-live=\"polite\" aria-relevant=\"additions removals\" data-vcex-max-pages=\"0\"><div class=\"wpex-post-cards-inner\"><div class=\"wpex-post-cards-loop wpex-post-cards-grid wpex-row wpex-clr\"><div class=\"wpex-post-cards-entry col col-1 span_1_of_3 post-4455 type-post cat-40 translation_priority-44\"><div class=\"wpex-card wpex-card-template_3294 card-black-gradient\"><a href=\"https:\/\/www.fourchette.com\/fr\/nouveau-fourchette-grand-cru\/\" aria-label=\"Nouveau Fourchette Grand Cru\" class=\"wpex-card-inner wpex-no-underline wpex-inherit-color\"><div class=\"vc_row wpb_row vc_row-fluid wpex-relative\"><div class=\"wpb_column vc_column_container vc_col-sm-12\"><div class=\"vc_column-inner\"><div class=\"wpb_wrapper\"><figure class=\"vcex-image vcex-module\"><div class=\"vcex-image-inner wpex-relative wpex-inline-block\"><span href=\"https:\/\/www.fourchette.com\/fr\/nouveau-fourchette-grand-cru\/\"><img loading=\"lazy\" class=\"vcex-image-img wpex-align-middle\" decoding=\"async\" src=\"https:\/\/www.fourchette.com\/wp-content\/uploads\/sites\/2\/2023\/05\/FOURCHETTE_GRAND_CRU_6G6A7021-min-600x400.jpg\" alt=\"Fourchette Grand cru, qui est une Fourchette vieillie pendant plus de 10 mois dans des f\u00fbts de Sauvignon Blanc.\" width=\"600\" height=\"400\"><\/span><\/div><\/figure><div class=\"vcex-flex-container vcex-module wpex-flex wpex-gap-20 wpex-flex-col\"><h3 class=\"vcex-heading vcex-heading-plain vcex-module wpex-heading wpex-text-2xl wpex-h3\"><span class=\"vcex-heading-inner wpex-inline-block\">Nouveau Fourchette Grand Cru<\/span><\/h3><span href=\"https:\/\/www.fourchette.com\/fr\/nouveau-fourchette-grand-cru\/\" class=\"vcex-button theme-txt-link small align-left wpex-inline-block inline\"><span class=\"vcex-button-inner theme-button-inner wpex-flex wpex-flex-wrap wpex-items-center wpex-justify-center\">En savoir plus<\/span><\/span> <\/div><\/div><\/div><\/div><\/div><\/a><\/div><\/div><\/div><\/div><div class=\"vcex-ajax-loader wpex-hidden wpex-absolute wpex-inset-0 wpex-items-center wpex-justify-center\"><span class=\"vcex-ajax-loader__overlay wpex-absolute wpex-inset-0 wpex-surface-1 wpex-opacity-60 wpex-z-10\"><\/span><div class=\"vcex-ajax-loader__icon wpex-relative wpex-z-20\"><svg height=\"30\" width=\"30\" class=\"wpex-animate-spin wpex-opacity-5\" xmlns=\"http:\/\/www.w3.org\/2000\/svg\" viewBox=\"0 0 16 16\" fill=\"currentColor\"><path fill-rule=\"evenodd\" d=\"M8 3a5 5 0 1 0 4.546 2.914.5.5 0 0 1 .908-.417A6 6 0 1 1 8 2z\"\/><path d=\"M8 4.466V.534a.25.25 0 0 1 .41-.192l2.36 1.966c.12.1.12.284 0 .384L8.41 4.658A.25.25 0 0 1 8 4.466\"\/><\/svg><\/div><\/div><\/div>[\/vc_column][\/vc_row]\n<\/div>","protected":false},"excerpt":{"rendered":"D\u00e9couvrez le nouveau Fourchette Grand Cru une bi\u00e8re en \u00e9dition limit\u00e9e dont seulement 8 000 bouteilles ont \u00e9t\u00e9 embouteill\u00e9es. Cette bi\u00e8re a \u00e9t\u00e9 lanc\u00e9e de mani\u00e8re festive lors de l'\u00e9v\u00e9nement \u00e9v\u00e9nement Fourchette les 27-28-29 mai 2023 \u00e0 Gand, Vieilli en barriques de sauvignon blanc Cette Fourchette Grand Cru s'inspire de la bi\u00e8re Fourchette classique, mais&hellip;","protected":false},"author":1,"featured_media":0,"parent":0,"menu_order":0,"comment_status":"closed","ping_status":"closed","template":"","meta":{"_acf_changed":false,"_analytify_skip_tracking":false,"footnotes":""},"class_list":["post-2962","page","type-page","status-publish","hentry","entry","no-media"],"acf":[],"_links":{"self":[{"href":"https:\/\/www.fourchette.com\/fr\/wp-json\/wp\/v2\/pages\/2962","targetHints":{"allow":["GET"]}}],"collection":[{"href":"https:\/\/www.fourchette.com\/fr\/wp-json\/wp\/v2\/pages"}],"about":[{"href":"https:\/\/www.fourchette.com\/fr\/wp-json\/wp\/v2\/types\/page"}],"author":[{"embeddable":true,"href":"https:\/\/www.fourchette.com\/fr\/wp-json\/wp\/v2\/users\/1"}],"replies":[{"embeddable":true,"href":"https:\/\/www.fourchette.com\/fr\/wp-json\/wp\/v2\/comments?post=2962"}],"version-history":[{"count":3,"href":"https:\/\/www.fourchette.com\/fr\/wp-json\/wp\/v2\/pages\/2962\/revisions"}],"predecessor-version":[{"id":6631,"href":"https:\/\/www.fourchette.com\/fr\/wp-json\/wp\/v2\/pages\/2962\/revisions\/6631"}],"wp:attachment":[{"href":"https:\/\/www.fourchette.com\/fr\/wp-json\/wp\/v2\/media?parent=2962"}],"curies":[{"name":"wp","href":"https:\/\/api.w.org\/{rel}","templated":true}]}}