{"id":3510,"date":"2023-04-12T16:45:16","date_gmt":"2023-04-12T14:45:16","guid":{"rendered":"https:\/\/www.fourchette.com\/?page_id=3510"},"modified":"2023-04-12T16:46:11","modified_gmt":"2023-04-12T14:46:11","slug":"disclaimer","status":"publish","type":"page","link":"https:\/\/www.fourchette.com\/fr\/disclaimer\/","title":{"rendered":"Disclaimer"},"content":{"rendered":"<div class=\"wpb-content-wrapper\">[vc_row][vc_column width=\u00a0\u00bb1\/2&Prime;][vc_column_text]Conditions g\u00e9n\u00e9rales de Van Steenberge Brouwerij sa<br \/>\nCe site web est la propri\u00e9t\u00e9 de Van Steenberge Brouwerij sa<br \/>\nSi\u00e8ge social : Lindenlaan 25, 9940 Ertvelde<\/p>\n<p>T\u00e9l\u00e9phone : +32 9 344 50 71<br \/>\nE-mail : info@vansteenberge.com<\/p>\n<p>Num\u00e9ro d\u2019entreprise et de TVA : BE 0416.362.404<\/p>\n<p><strong>1) Protection de vos donn\u00e9es personnelles<\/strong><\/p>\n<p>La brasserie Van Steenberge respecte la vie priv\u00e9e de tous les visiteurs et garantit le traitement confidentiel de tous les types de donn\u00e9es personnelles conform\u00e9ment \u00e0 la l\u00e9gislation europ\u00e9enne sur le RGPD. Notre politique de confidentialit\u00e9 compl\u00e8te est disponible sure le site de web.\u00a0<a href=\"https:\/\/www.fourchette.beer\/\" target=\"_blank\" rel=\"noopener\">www.fourchette.beer<\/a><\/p>\n<p><strong>2) Droits de propri\u00e9t\u00e9 intellectuelle<\/strong><\/p>\n<p>Tous les droits de propri\u00e9t\u00e9 intellectuelle et droits d\u00e9riv\u00e9s concernant les produits et les noms commerciaux sont conserv\u00e9s par Vansteenberge Brouwerij sa.<\/p>\n<p>Ces droits de propri\u00e9t\u00e9 intellectuelle comprennent : les droits d&rsquo;auteur, marques, dessins et mod\u00e8les et\/ou autres droits (de propri\u00e9t\u00e9 intellectuelle), y compris le savoir-faire technique et\/ou commercial, les m\u00e9thodes et les concepts, brevetables ou non. Il est interdit d&rsquo;utiliser et\/ou de modifier les droits de propri\u00e9t\u00e9 intellectuelle tels que d\u00e9crits dans le pr\u00e9sent article, sauf pour usage priv\u00e9 du produit proprement dit.<\/p>\n<p><strong>3) Limitation de responsabilit\u00e9<\/strong><\/p>\n<p>Les informations qui figurent sur le site Web sont de nature g\u00e9n\u00e9rale. Les informations ne sont pas adapt\u00e9es \u00e0 des circonstances personnelles ou sp\u00e9cifiques, et ne peuvent donc pas \u00eatre consid\u00e9r\u00e9es comme des conseils personnels, professionnels ou juridiques \u00e0 l&rsquo;utilisateur.<\/p>\n<p>Nous mettons tout en \u0153uvre pour nous assurer que les informations fournies sont compl\u00e8tes, correctes, pr\u00e9cises et \u00e0 jour. Malgr\u00e9 ces efforts, des inexactitudes peuvent appara\u00eetre dans les informations fournies. Si les informations fournies contiennent des inexactitudes ou si certaines informations sur ou via le site ne sont pas disponibles, Van Steenberge Brouwerij sa mettra tout en \u0153uvre pour y rem\u00e9dier dans les meilleurs d\u00e9lais.<\/p>\n<p>Toutefois, Van Steenberge Brouwerij sa ne peut \u00eatre tenue responsable des dommages directs ou indirects r\u00e9sultant de l&rsquo;utilisation des informations contenues sur ce site.<\/p>\n<p>Si vous remarquez des inexactitudes dans les informations mises \u00e0 disposition sur le site, n\u2019h\u00e9sitez pas \u00e0 contacter l&rsquo;administrateur du site.<\/p>\n<p>Le contenu du site (y compris les liens) peut \u00eatre adapt\u00e9, modifi\u00e9 ou compl\u00e9t\u00e9 \u00e0 tout moment sans pr\u00e9avis ni notification.<\/p>\n<p>Van Steenberge Brouwerij sa ne garantit pas le bon fonctionnement du site Web et ne peut en aucun cas \u00eatre tenue responsable d&rsquo;un dysfonctionnement ou d&rsquo;une (indisponibilit\u00e9) temporaire du site web ou de toute forme de dommage, direct ou indirect, qui r\u00e9sulterait de l&rsquo;acc\u00e8s au site Web ou de son utilisation.<\/p>\n<p>Le site Web peut contenir des hyperliens vers des sites Web ou des pages de tiers, ou y faire indirectement r\u00e9f\u00e9rence. L&rsquo;inclusion de liens vers ces sites ou pages n&rsquo;implique en aucun cas une approbation implicite de leur contenu.<\/p>\n<p>Van Steenberge Brouwerij sa d\u00e9clare express\u00e9ment qu&rsquo;elle n&rsquo;a aucun contr\u00f4le sur le contenu ou d&rsquo;autres caract\u00e9ristiques de ces sites Web et ne peut en aucun cas \u00eatre tenue responsable de leur contenu ou de leurs caract\u00e9ristiques ou de tout autre dommage r\u00e9sultant de leur utilisation.[\/vc_column_text][\/vc_column][vc_column width=\u00a0\u00bb1\/2&Prime;][vc_column_text]<strong>4) Contact<\/strong><\/p>\n<p>Vous avez des questions sur nos conditions g\u00e9n\u00e9rales de vente ? Contactez-nous via :<\/p>\n<p>Brasserie Van Steenberge<br \/>\nLindenlaan 25<br \/>\n9940 Ertvelde<br \/>\nBelgique<\/p>\n<p>T. +32 9 344 50 71<br \/>\nF. +32 9 344 54 20<\/p>\n<p>E.\u00a0<a href=\"mailto:info@vansteenberge.com?subject=Conditions%20g%C3%A9n%C3%A9rales\">info@vansteenberge.com<\/a>[\/vc_column_text][\/vc_column][\/vc_row]\n<\/div>","protected":false},"excerpt":{"rendered":"<p>[vc_row][vc_column width=\u00a0\u00bb1\/2&Prime;][vc_column_text]Conditions g\u00e9n\u00e9rales de Van Steenberge Brouwerij sa Ce site web est la propri\u00e9t\u00e9 de Van Steenberge Brouwerij sa Si\u00e8ge social : Lindenlaan 25, 9940 Ertvelde T\u00e9l\u00e9phone : +32 9 344 50 71 E-mail : info@vansteenberge.com Num\u00e9ro d\u2019entreprise et de TVA : BE 0416.362.404 1) Protection de vos donn\u00e9es personnelles La brasserie Van Steenberge respecte&hellip;<\/p>\n","protected":false},"author":1,"featured_media":0,"parent":0,"menu_order":0,"comment_status":"closed","ping_status":"closed","template":"","meta":{"_acf_changed":false,"_analytify_skip_tracking":false,"footnotes":""},"class_list":["post-3510","page","type-page","status-publish","hentry","entry","no-media"],"acf":[],"_links":{"self":[{"href":"https:\/\/www.fourchette.com\/fr\/wp-json\/wp\/v2\/pages\/3510","targetHints":{"allow":["GET"]}}],"collection":[{"href":"https:\/\/www.fourchette.com\/fr\/wp-json\/wp\/v2\/pages"}],"about":[{"href":"https:\/\/www.fourchette.com\/fr\/wp-json\/wp\/v2\/types\/page"}],"author":[{"embeddable":true,"href":"https:\/\/www.fourchette.com\/fr\/wp-json\/wp\/v2\/users\/1"}],"replies":[{"embeddable":true,"href":"https:\/\/www.fourchette.com\/fr\/wp-json\/wp\/v2\/comments?post=3510"}],"version-history":[{"count":3,"href":"https:\/\/www.fourchette.com\/fr\/wp-json\/wp\/v2\/pages\/3510\/revisions"}],"predecessor-version":[{"id":3515,"href":"https:\/\/www.fourchette.com\/fr\/wp-json\/wp\/v2\/pages\/3510\/revisions\/3515"}],"wp:attachment":[{"href":"https:\/\/www.fourchette.com\/fr\/wp-json\/wp\/v2\/media?parent=3510"}],"curies":[{"name":"wp","href":"https:\/\/api.w.org\/{rel}","templated":true}]}}